{"id":2,"date":"2020-01-10T14:43:39","date_gmt":"2020-01-10T14:43:39","guid":{"rendered":"https:\/\/themes.muffingroup.com\/be\/foodtruck\/?page_id=2"},"modified":"2024-12-01T20:23:14","modified_gmt":"2024-12-01T20:23:14","slug":"sample-page","status":"publish","type":"page","link":"https:\/\/poppykarakoy.com\/en\/","title":{"rendered":"Home"},"content":{"rendered":"<div data-elementor-type=\"wp-page\" data-elementor-id=\"2\" class=\"elementor elementor-2\">\n\t\t\t\t<div class=\"elementor-element elementor-element-4a3b100 e-con-full e-flex e-con e-parent\" data-id=\"4a3b100\" data-element_type=\"container\">\n\t\t<div class=\"elementor-element elementor-element-1d44afb e-con-full elementor-hidden-mobile e-flex e-con e-child\" data-id=\"1d44afb\" data-element_type=\"container\" data-settings=\"{&quot;background_background&quot;:&quot;video&quot;,&quot;background_video_link&quot;:&quot;https:\\\/\\\/poppykarakoy.com\\\/wp-content\\\/uploads\\\/2024\\\/11\\\/DA403085D439587D2B79BFFF82A247AE_video_dashinit.mp4&quot;}\">\n\t\t<div class=\"elementor-background-video-container elementor-hidden-mobile\">\n\t\t\t\t\t\t\t<video class=\"elementor-background-video-hosted\" autoplay muted playsinline loop><\/video>\n\t\t\t\t\t<\/div>\t\t<\/div>\n\t\t<div class=\"elementor-element elementor-element-3c8949a e-con-full e-flex e-con e-child\" data-id=\"3c8949a\" data-element_type=\"container\" data-settings=\"{&quot;background_background&quot;:&quot;video&quot;,&quot;background_video_link&quot;:&quot;https:\\\/\\\/poppykarakoy.com\\\/wp-content\\\/uploads\\\/2024\\\/07\\\/3.mp4&quot;,&quot;background_play_on_mobile&quot;:&quot;yes&quot;}\">\n\t\t<div class=\"elementor-background-video-container\">\n\t\t\t\t\t\t\t<video class=\"elementor-background-video-hosted\" autoplay muted playsinline loop><\/video>\n\t\t\t\t\t<\/div>\t\t<\/div>\n\t\t<div class=\"elementor-element elementor-element-17a0a35 e-con-full elementor-hidden-mobile e-flex e-con e-child\" data-id=\"17a0a35\" data-element_type=\"container\" data-settings=\"{&quot;background_background&quot;:&quot;video&quot;,&quot;background_video_link&quot;:&quot;https:\\\/\\\/poppykarakoy.com\\\/wp-content\\\/uploads\\\/2024\\\/07\\\/1.mp4&quot;}\">\n\t\t<div class=\"elementor-background-video-container elementor-hidden-mobile\">\n\t\t\t\t\t\t\t<video class=\"elementor-background-video-hosted\" autoplay muted playsinline loop><\/video>\n\t\t\t\t\t<\/div>\t\t<\/div>\n\t\t\t\t<\/div>\n\t\t\t\t<section class=\"elementor-section elementor-top-section elementor-element elementor-element-6ae6651 elementor-section-stretched elementor-section-boxed elementor-section-height-default elementor-section-height-default\" data-id=\"6ae6651\" data-element_type=\"section\" data-settings=\"{&quot;stretch_section&quot;:&quot;section-stretched&quot;}\">\n\t\t\t\t\t\t<div class=\"elementor-container elementor-column-gap-wider\">\n\t\t\t\t\t<div class=\"elementor-column elementor-col-100 elementor-top-column elementor-element elementor-element-9840675\" data-id=\"9840675\" data-element_type=\"column\">\n\t\t\t<div class=\"elementor-widget-wrap elementor-element-populated\">\n\t\t\t\t\t\t<section class=\"elementor-section elementor-inner-section elementor-element elementor-element-17765fc elementor-section-boxed elementor-section-height-default elementor-section-height-default\" data-id=\"17765fc\" data-element_type=\"section\">\n\t\t\t\t\t\t<div class=\"elementor-container elementor-column-gap-default\">\n\t\t\t\t\t<div class=\"elementor-column elementor-col-100 elementor-inner-column elementor-element elementor-element-a2f8e89\" data-id=\"a2f8e89\" data-element_type=\"column\">\n\t\t\t<div class=\"elementor-widget-wrap elementor-element-populated\">\n\t\t\t\t\t\t<div class=\"elementor-element elementor-element-be78489 elementor-widget-mobile__width-initial elementor-widget__width-initial elementor-widget elementor-widget-text-editor\" data-id=\"be78489\" data-element_type=\"widget\" data-widget_type=\"text-editor.default\">\n\t\t\t\t<div class=\"elementor-widget-container\">\n\t\t\t\t\t\t\t\t\t<h2 class=\"themecolor\">ABOUT US<\/h2>\t\t\t\t\t\t\t\t<\/div>\n\t\t\t\t<\/div>\n\t\t\t\t<div class=\"elementor-element elementor-element-0c74f45 elementor-widget elementor-widget-text-editor\" data-id=\"0c74f45\" data-element_type=\"widget\" data-widget_type=\"text-editor.default\">\n\t\t\t\t<div class=\"elementor-widget-container\">\n\t\t\t\t\t\t\t\t\t<p>Tarihi boyunca farkl\u0131 k\u00fclt\u00fcrlerin, ticaretin ve yeniliklerin kesi\u015fim noktas\u0131 olan Karak\u00f6y, \u0130stanbul\u2019un sosyal hayat\u0131na y\u00f6n veren merkezlerden biri. Poppy, bu zengin ge\u00e7mi\u015fin i\u00e7erisinde g\u00fcnd\u00fcz ve gece aras\u0131nda benzersiz bir ge\u00e7i\u015f sunuyor.&nbsp;<span style=\"letter-spacing: 0px;\">D\u00fcnya mutfa\u011f\u0131ndan ilham alan Akdeniz lezzetleriyle ve imza kokteylleriyle harmanlanan restoran\u0131m\u0131z, sizleri g\u00fcn boyu lezzet yolculu\u011funa \u00e7\u0131kar\u0131yor. Gece ise kul\u00fcbe d\u00f6n\u00fc\u015ferek T\u00fcrk\u00e7e ve yabanc\u0131 pop \u015fark\u0131lar\u0131yla iki farkl\u0131 deneyimi bir arada ya\u015fat\u0131yor.<\/span><\/p>\t\t\t\t\t\t\t\t<\/div>\n\t\t\t\t<\/div>\n\t\t\t\t\t<\/div>\n\t\t<\/div>\n\t\t\t\t\t<\/div>\n\t\t<\/section>\n\t\t\t\t\t<\/div>\n\t\t<\/div>\n\t\t\t\t\t<\/div>\n\t\t<\/section>\n\t\t<div class=\"elementor-element elementor-element-595aff8 e-con-full e-flex e-con e-parent\" data-id=\"595aff8\" data-element_type=\"container\">\n\t\t\t\t<div class=\"elementor-element elementor-element-0a3a22f elementor-arrows-position-inside elementor-widget elementor-widget-image-carousel\" data-id=\"0a3a22f\" data-element_type=\"widget\" id=\"galeri\" data-settings=\"{&quot;navigation&quot;:&quot;arrows&quot;,&quot;autoplay&quot;:&quot;yes&quot;,&quot;pause_on_hover&quot;:&quot;yes&quot;,&quot;pause_on_interaction&quot;:&quot;yes&quot;,&quot;autoplay_speed&quot;:5000,&quot;infinite&quot;:&quot;yes&quot;,&quot;speed&quot;:500}\" data-widget_type=\"image-carousel.default\">\n\t\t\t\t<div class=\"elementor-widget-container\">\n\t\t\t\t\t\t\t<div class=\"elementor-image-carousel-wrapper swiper\" role=\"region\" aria-roledescription=\"carousel\" aria-label=\"Resim D\u00f6ng\u00fcs\u00fc\" dir=\"ltr\">\n\t\t\t<div class=\"elementor-image-carousel swiper-wrapper\" aria-live=\"off\">\n\t\t\t\t\t\t\t\t<div class=\"swiper-slide\" role=\"group\" aria-roledescription=\"slide\" aria-label=\"1 \/ 10\"><figure class=\"swiper-slide-inner\"><img decoding=\"async\" class=\"swiper-slide-image\" src=\"https:\/\/poppykarakoy.com\/wp-content\/uploads\/2024\/07\/Poppy-Karako\u0308y0792-Large-1024x1536.png\" alt=\"Poppy Karako\u0308y0792 (Large)\" \/><\/figure><\/div><div class=\"swiper-slide\" role=\"group\" aria-roledescription=\"slide\" aria-label=\"2 \/ 10\"><figure class=\"swiper-slide-inner\"><img decoding=\"async\" class=\"swiper-slide-image\" src=\"https:\/\/poppykarakoy.com\/wp-content\/uploads\/2024\/07\/Poppy-Karako\u0308y0750-Large-1023x1536.png\" alt=\"Poppy Karako\u0308y0750 (Large)\" \/><\/figure><\/div><div class=\"swiper-slide\" role=\"group\" aria-roledescription=\"slide\" aria-label=\"3 \/ 10\"><figure class=\"swiper-slide-inner\"><img decoding=\"async\" class=\"swiper-slide-image\" src=\"https:\/\/poppykarakoy.com\/wp-content\/uploads\/2024\/07\/Poppy-Karako\u0308y0741-Large-1021x1536.jpg\" alt=\"Poppy Karako\u0308y0741 (Large)\" \/><\/figure><\/div><div class=\"swiper-slide\" role=\"group\" aria-roledescription=\"slide\" aria-label=\"4 \/ 10\"><figure class=\"swiper-slide-inner\"><img decoding=\"async\" class=\"swiper-slide-image\" src=\"https:\/\/poppykarakoy.com\/wp-content\/uploads\/2024\/07\/Poppy-Karako\u0308y0734-Large-1021x1536.png\" alt=\"Poppy Karako\u0308y0734 (Large)\" \/><\/figure><\/div><div class=\"swiper-slide\" role=\"group\" aria-roledescription=\"slide\" aria-label=\"5 \/ 10\"><figure class=\"swiper-slide-inner\"><img decoding=\"async\" class=\"swiper-slide-image\" src=\"https:\/\/poppykarakoy.com\/wp-content\/uploads\/2024\/07\/Poppy-Karako\u0308y0726-Large-1021x1536.jpg\" alt=\"Poppy Karako\u0308y0726 (Large)\" \/><\/figure><\/div><div class=\"swiper-slide\" role=\"group\" aria-roledescription=\"slide\" aria-label=\"6 \/ 10\"><figure class=\"swiper-slide-inner\"><img decoding=\"async\" class=\"swiper-slide-image\" src=\"https:\/\/poppykarakoy.com\/wp-content\/uploads\/2024\/07\/Poppy-Karako\u0308y0707-Large-1024x1536.jpg\" alt=\"Poppy Karako\u0308y0707 (Large)\" \/><\/figure><\/div><div class=\"swiper-slide\" role=\"group\" aria-roledescription=\"slide\" aria-label=\"7 \/ 10\"><figure class=\"swiper-slide-inner\"><img decoding=\"async\" class=\"swiper-slide-image\" src=\"https:\/\/poppykarakoy.com\/wp-content\/uploads\/2024\/07\/Poppy-Karako\u0308y0691-Large-1024x1536.png\" alt=\"Poppy Karako\u0308y0691 (Large)\" \/><\/figure><\/div><div class=\"swiper-slide\" role=\"group\" aria-roledescription=\"slide\" aria-label=\"8 \/ 10\"><figure class=\"swiper-slide-inner\"><img decoding=\"async\" class=\"swiper-slide-image\" src=\"https:\/\/poppykarakoy.com\/wp-content\/uploads\/2024\/07\/DSCF3531-Large-1024x1536.jpg\" alt=\"DSCF3531 (Large)\" \/><\/figure><\/div><div class=\"swiper-slide\" role=\"group\" aria-roledescription=\"slide\" aria-label=\"9 \/ 10\"><figure class=\"swiper-slide-inner\"><img decoding=\"async\" class=\"swiper-slide-image\" src=\"https:\/\/poppykarakoy.com\/wp-content\/uploads\/2024\/07\/DSCF3499-Large-1024x1536.png\" alt=\"DSCF3499 (Large)\" \/><\/figure><\/div><div class=\"swiper-slide\" role=\"group\" aria-roledescription=\"slide\" aria-label=\"10 \/ 10\"><figure class=\"swiper-slide-inner\"><img decoding=\"async\" class=\"swiper-slide-image\" src=\"https:\/\/poppykarakoy.com\/wp-content\/uploads\/2024\/07\/DSCF3469-Large-1024x1536.png\" alt=\"DSCF3469 (Large)\" \/><\/figure><\/div>\t\t\t<\/div>\n\t\t\t\t\t\t\t\t\t\t\t\t<div class=\"elementor-swiper-button elementor-swiper-button-prev\" role=\"button\" tabindex=\"0\">\n\t\t\t\t\t\t<svg aria-hidden=\"true\" class=\"e-font-icon-svg e-eicon-chevron-left\" viewbox=\"0 0 1000 1000\" xmlns=\"http:\/\/www.w3.org\/2000\/svg\"><path d=\"M646 125C629 125 613 133 604 142L308 442C296 454 292 471 292 487 292 504 296 521 308 533L604 854C617 867 629 875 646 875 663 875 679 871 692 858 704 846 713 829 713 812 713 796 708 779 692 767L438 487 692 225C700 217 708 204 708 187 708 171 704 154 692 142 675 129 663 125 646 125Z\"><\/path><\/svg>\t\t\t\t\t<\/div>\n\t\t\t\t\t<div class=\"elementor-swiper-button elementor-swiper-button-next\" role=\"button\" tabindex=\"0\">\n\t\t\t\t\t\t<svg aria-hidden=\"true\" class=\"e-font-icon-svg e-eicon-chevron-right\" viewbox=\"0 0 1000 1000\" xmlns=\"http:\/\/www.w3.org\/2000\/svg\"><path d=\"M696 533C708 521 713 504 713 487 713 471 708 454 696 446L400 146C388 133 375 125 354 125 338 125 325 129 313 142 300 154 292 171 292 187 292 204 296 221 308 233L563 492 304 771C292 783 288 800 288 817 288 833 296 850 308 863 321 871 338 875 354 875 371 875 388 867 400 854L696 533Z\"><\/path><\/svg>\t\t\t\t\t<\/div>\n\t\t\t\t\n\t\t\t\t\t\t\t\t\t<\/div>\n\t\t\t\t\t\t<\/div>\n\t\t\t\t<\/div>\n\t\t\t\t<\/div>\n\t\t\t\t<section class=\"elementor-section elementor-top-section elementor-element elementor-element-c9fd1eb elementor-section-stretched elementor-section-full_width elementor-section-height-default elementor-section-height-default\" data-id=\"c9fd1eb\" data-element_type=\"section\" id=\"etkinlik\" data-settings=\"{&quot;stretch_section&quot;:&quot;section-stretched&quot;,&quot;background_background&quot;:&quot;classic&quot;}\">\n\t\t\t\t\t\t<div class=\"elementor-container elementor-column-gap-wider\">\n\t\t\t\t\t<div class=\"elementor-column elementor-col-100 elementor-top-column elementor-element elementor-element-12ad0fc\" data-id=\"12ad0fc\" data-element_type=\"column\">\n\t\t\t<div class=\"elementor-widget-wrap elementor-element-populated\">\n\t\t\t\t\t\t<div class=\"elementor-element elementor-element-e00bea5 elementor-widget elementor-widget-heading\" data-id=\"e00bea5\" data-element_type=\"widget\" data-widget_type=\"heading.default\">\n\t\t\t\t<div class=\"elementor-widget-container\">\n\t\t\t\t\t<h3 class=\"elementor-heading-title elementor-size-default\">EVENT<\/h3>\t\t\t\t<\/div>\n\t\t\t\t<\/div>\n\t\t\t\t<div class=\"elementor-element elementor-element-47364c4 elementor-hidden-mobile elementor-widget elementor-widget-image\" data-id=\"47364c4\" data-element_type=\"widget\" data-widget_type=\"image.default\">\n\t\t\t\t<div class=\"elementor-widget-container\">\n\t\t\t\t\t\t\t\t\t\t\t\t\t\t\t<img fetchpriority=\"high\" decoding=\"async\" width=\"1920\" height=\"512\" src=\"https:\/\/poppykarakoy.com\/wp-content\/uploads\/2024\/12\/1920x512.jpg\" class=\"attachment-full size-full wp-image-1042\" alt=\"\" srcset=\"https:\/\/poppykarakoy.com\/wp-content\/uploads\/2024\/12\/1920x512.jpg 1920w, https:\/\/poppykarakoy.com\/wp-content\/uploads\/2024\/12\/1920x512-500x133.jpg 500w, https:\/\/poppykarakoy.com\/wp-content\/uploads\/2024\/12\/1920x512-1200x320.jpg 1200w, https:\/\/poppykarakoy.com\/wp-content\/uploads\/2024\/12\/1920x512-300x80.jpg 300w, https:\/\/poppykarakoy.com\/wp-content\/uploads\/2024\/12\/1920x512-768x205.jpg 768w, https:\/\/poppykarakoy.com\/wp-content\/uploads\/2024\/12\/1920x512-1536x410.jpg 1536w, https:\/\/poppykarakoy.com\/wp-content\/uploads\/2024\/12\/1920x512-18x5.jpg 18w, https:\/\/poppykarakoy.com\/wp-content\/uploads\/2024\/12\/1920x512-150x40.jpg 150w, https:\/\/poppykarakoy.com\/wp-content\/uploads\/2024\/12\/1920x512-480x128.jpg 480w\" sizes=\"(max-width:767px) 480px, (max-width:1920px) 100vw, 1920px\" \/>\t\t\t\t\t\t\t\t\t\t\t\t\t\t\t<\/div>\n\t\t\t\t<\/div>\n\t\t\t\t<div class=\"elementor-element elementor-element-dff80e5 elementor-hidden-desktop elementor-hidden-tablet elementor-widget elementor-widget-image\" data-id=\"dff80e5\" data-element_type=\"widget\" data-widget_type=\"image.default\">\n\t\t\t\t<div class=\"elementor-widget-container\">\n\t\t\t\t\t\t\t\t\t\t\t\t\t\t\t<img decoding=\"async\" width=\"512\" height=\"512\" src=\"https:\/\/poppykarakoy.com\/wp-content\/uploads\/2024\/12\/512x512.jpg\" class=\"attachment-full size-full wp-image-1041\" alt=\"\" srcset=\"https:\/\/poppykarakoy.com\/wp-content\/uploads\/2024\/12\/512x512.jpg 512w, https:\/\/poppykarakoy.com\/wp-content\/uploads\/2024\/12\/512x512-500x500.jpg 500w, https:\/\/poppykarakoy.com\/wp-content\/uploads\/2024\/12\/512x512-300x300.jpg 300w, https:\/\/poppykarakoy.com\/wp-content\/uploads\/2024\/12\/512x512-12x12.jpg 12w, https:\/\/poppykarakoy.com\/wp-content\/uploads\/2024\/12\/512x512-150x150.jpg 150w, https:\/\/poppykarakoy.com\/wp-content\/uploads\/2024\/12\/512x512-75x75.jpg 75w, https:\/\/poppykarakoy.com\/wp-content\/uploads\/2024\/12\/512x512-480x480.jpg 480w\" sizes=\"(max-width:767px) 480px, 512px\" \/>\t\t\t\t\t\t\t\t\t\t\t\t\t\t\t<\/div>\n\t\t\t\t<\/div>\n\t\t\t\t\t<\/div>\n\t\t<\/div>\n\t\t\t\t\t<\/div>\n\t\t<\/section>\n\t\t<div class=\"elementor-element elementor-element-eac4684 e-con-full e-flex e-con e-parent\" data-id=\"eac4684\" data-element_type=\"container\" data-settings=\"{&quot;background_background&quot;:&quot;classic&quot;}\">\n\t\t\t\t<div class=\"elementor-element elementor-element-4bb80df elementor-widget elementor-widget-html\" data-id=\"4bb80df\" data-element_type=\"widget\" data-widget_type=\"html.default\">\n\t\t\t\t<div class=\"elementor-widget-container\">\n\t\t\t\t\t<iframe src=\"https:\/\/www.google.com\/maps\/embed?pb=!1m18!1m12!1m3!1d24083.317348153472!2d28.91194013476562!3d41.016183024514845!2m3!1f0!2f0!3f0!3m2!1i1024!2i768!4f13.1!3m3!1m2!1s0x14cab9010dc12e11%3A0xaa303eb26ae9b1d!2sPoppy%20Karak%C3%B6y%20-%20Restoran%20%26%20Kokteyl%20Bar!5e0!3m2!1str!2str!4v1727307283223!5m2!1str!2str\" width=\"1920\" height=\"400\" style=\"border:0;\" allowfullscreen=\"\" loading=\"lazy\" referrerpolicy=\"no-referrer-when-downgrade\"><\/iframe>\t\t\t\t<\/div>\n\t\t\t\t<\/div>\n\t\t\t\t<\/div>\n\t\t\t\t<\/div>","protected":false},"excerpt":{"rendered":"<p>HAKKIMIZDA Tarihi boyunca farkl\u0131 k\u00fclt\u00fcrlerin, ticaretin ve yeniliklerin kesi\u015fim noktas\u0131 olan Karak\u00f6y, \u0130stanbul\u2019un sosyal hayat\u0131na y\u00f6n veren merkezlerden biri. Poppy, bu zengin ge\u00e7mi\u015fin i\u00e7erisinde g\u00fcnd\u00fcz ve<span class=\"excerpt-hellip\"> [\u2026]<\/span><\/p>","protected":false},"author":1,"featured_media":0,"parent":0,"menu_order":0,"comment_status":"open","ping_status":"open","template":"","meta":{"_joinchat":[],"footnotes":""},"class_list":["post-2","page","type-page","status-publish","hentry"],"aioseo_notices":[],"_links":{"self":[{"href":"https:\/\/poppykarakoy.com\/en\/wp-json\/wp\/v2\/pages\/2","targetHints":{"allow":["GET"]}}],"collection":[{"href":"https:\/\/poppykarakoy.com\/en\/wp-json\/wp\/v2\/pages"}],"about":[{"href":"https:\/\/poppykarakoy.com\/en\/wp-json\/wp\/v2\/types\/page"}],"author":[{"embeddable":true,"href":"https:\/\/poppykarakoy.com\/en\/wp-json\/wp\/v2\/users\/1"}],"replies":[{"embeddable":true,"href":"https:\/\/poppykarakoy.com\/en\/wp-json\/wp\/v2\/comments?post=2"}],"version-history":[{"count":739,"href":"https:\/\/poppykarakoy.com\/en\/wp-json\/wp\/v2\/pages\/2\/revisions"}],"predecessor-version":[{"id":1045,"href":"https:\/\/poppykarakoy.com\/en\/wp-json\/wp\/v2\/pages\/2\/revisions\/1045"}],"wp:attachment":[{"href":"https:\/\/poppykarakoy.com\/en\/wp-json\/wp\/v2\/media?parent=2"}],"curies":[{"name":"wp","href":"https:\/\/api.w.org\/{rel}","templated":true}]}}